{"id":1999,"date":"2019-03-06T06:53:02","date_gmt":"2019-03-06T06:53:02","guid":{"rendered":"https:\/\/www.seha.com.tr\/responsibility\/information-security-policy\/"},"modified":"2019-03-06T06:53:02","modified_gmt":"2019-03-06T06:53:02","slug":"information-security-policy","status":"publish","type":"page","link":"https:\/\/www.seha.com.tr\/en\/responsibility\/information-security-policy\/","title":{"rendered":"Information Security Policy"},"content":{"rendered":"\t\t<div data-elementor-type=\"wp-post\" data-elementor-id=\"1999\" class=\"elementor elementor-1999 elementor-1941 elementor-bc-flex-widget\" data-elementor-post-type=\"page\">\n\t\t\t\t\t\t<section class=\"elementor-section elementor-top-section elementor-element elementor-element-1af0c6e elementor-section-boxed elementor-section-height-default elementor-section-height-default\" data-id=\"1af0c6e\" data-element_type=\"section\" data-e-type=\"section\">\n\t\t\t\t\t\t<div class=\"elementor-container elementor-column-gap-default\">\n\t\t\t\t\t<div class=\"elementor-column elementor-col-100 elementor-top-column elementor-element elementor-element-719c579\" data-id=\"719c579\" data-element_type=\"column\" data-e-type=\"column\">\n\t\t\t<div class=\"elementor-widget-wrap elementor-element-populated\">\n\t\t\t\t\t\t<div class=\"elementor-element elementor-element-094da97 elementor-widget elementor-widget-spacer\" data-id=\"094da97\" data-element_type=\"widget\" data-e-type=\"widget\" data-widget_type=\"spacer.default\">\n\t\t\t\t<div class=\"elementor-widget-container\">\n\t\t\t\t\t\t\t<div class=\"elementor-spacer\">\n\t\t\t<div class=\"elementor-spacer-inner\"><\/div>\n\t\t<\/div>\n\t\t\t\t\t\t<\/div>\n\t\t\t\t<\/div>\n\t\t\t\t\t<\/div>\n\t\t<\/div>\n\t\t\t\t\t<\/div>\n\t\t<\/section>\n\t\t\t\t<section class=\"elementor-section elementor-top-section elementor-element elementor-element-1f84532 elementor-section-boxed elementor-section-height-default elementor-section-height-default\" data-id=\"1f84532\" data-element_type=\"section\" data-e-type=\"section\">\n\t\t\t\t\t\t<div class=\"elementor-container elementor-column-gap-no\">\n\t\t\t\t\t<div class=\"elementor-column elementor-col-33 elementor-top-column elementor-element elementor-element-b5e28fe\" data-id=\"b5e28fe\" data-element_type=\"column\" data-e-type=\"column\" data-settings=\"{&quot;background_background&quot;:&quot;classic&quot;}\">\n\t\t\t<div class=\"elementor-widget-wrap elementor-element-populated\">\n\t\t\t\t\t\t<div class=\"elementor-element elementor-element-2713310 elementor-widget elementor-widget-image\" data-id=\"2713310\" data-element_type=\"widget\" data-e-type=\"widget\" data-widget_type=\"image.default\">\n\t\t\t\t<div class=\"elementor-widget-container\">\n\t\t\t\t\t\t\t\t\t\t\t\t\t\t\t<img fetchpriority=\"high\" decoding=\"async\" width=\"342\" height=\"176\" src=\"https:\/\/www.seha.com.tr\/wp-content\/uploads\/2019\/02\/B\u0130LG\u0130-G\u00dcVENL\u0130\u011e\u0130-1.jpg\" class=\"attachment-full size-full wp-image-1922\" alt=\"\" srcset=\"https:\/\/www.seha.com.tr\/wp-content\/uploads\/2019\/02\/B\u0130LG\u0130-G\u00dcVENL\u0130\u011e\u0130-1.jpg 342w, https:\/\/www.seha.com.tr\/wp-content\/uploads\/2019\/02\/B\u0130LG\u0130-G\u00dcVENL\u0130\u011e\u0130-1-300x154.jpg 300w\" sizes=\"100vw\" \/>\t\t\t\t\t\t\t\t\t\t\t\t\t\t\t<\/div>\n\t\t\t\t<\/div>\n\t\t\t\t\t<\/div>\n\t\t<\/div>\n\t\t\t\t<div class=\"elementor-column elementor-col-66 elementor-top-column elementor-element elementor-element-882af02\" data-id=\"882af02\" data-element_type=\"column\" data-e-type=\"column\" data-settings=\"{&quot;background_background&quot;:&quot;classic&quot;}\">\n\t\t\t<div class=\"elementor-widget-wrap elementor-element-populated\">\n\t\t\t\t\t\t<div class=\"elementor-element elementor-element-eaef28f elementor-widget elementor-widget-text-editor\" data-id=\"eaef28f\" data-element_type=\"widget\" data-e-type=\"widget\" data-widget_type=\"text-editor.default\">\n\t\t\t\t<div class=\"elementor-widget-container\">\n\t\t\t\t\t\t\t\t\t<p><strong>Information Security Policy:<\/strong><\/p>\n<p>Complying to TS EN ISO 27001 Information Security Management System standard, SEHA defined to assess information security management process and regulate the relationships with 3rd parties about the information security as the main subject.<\/p>\n<p>In this regard, our Information Security Policy is;<\/p>\n<ul>\n<li>To protect SEHA\u2019s information assets against internal or external threats, to ensure accessibility of information, to satisfy legal requirements,<\/li>\n<li>To ensure accessibility, integrity and privacy which are main aspects of Information Security Management System<\/li>\n<li>To awaken employees about the Information Security with steady practices,<\/li>\n<li>To ensure all Information Security gaps are taken into account<\/li>\n<li>To provide and test business sustainability constantly and detect risks and their controllability<\/li>\n<li>To prevent any kind of disagreement and conflict of interest in contracts<\/li>\n<li>To satisfy business requirements for information systems and accessibility<\/li>\n<\/ul>\n<p>&nbsp;<\/p>\n\t\t\t\t\t\t\t\t<\/div>\n\t\t\t\t<\/div>\n\t\t\t\t\t<\/div>\n\t\t<\/div>\n\t\t\t\t\t<\/div>\n\t\t<\/section>\n\t\t\t\t<\/div>\n\t\t","protected":false},"excerpt":{"rendered":"<p>Information Security Policy: Complying to TS EN ISO 27001 Information Security Management System standard, SEHA defined to assess information security management process and regulate the relationships with 3rd parties about the information security as the main subject. In this regard, our Information Security Policy is; To protect SEHA\u2019s information assets against internal or external threats, &hellip; <\/p>\n<p class=\"link-more\"><a href=\"https:\/\/www.seha.com.tr\/en\/responsibility\/information-security-policy\/\" class=\"more-link\">Continue reading<span class=\"screen-reader-text\"> &#8220;Information Security Policy&#8221;<\/span><\/a><\/p>\n","protected":false},"author":1,"featured_media":0,"parent":1289,"menu_order":0,"comment_status":"closed","ping_status":"closed","template":"elementor_header_footer","meta":{"footnotes":""},"class_list":["post-1999","page","type-page","status-publish","hentry"],"_links":{"self":[{"href":"https:\/\/www.seha.com.tr\/en\/wp-json\/wp\/v2\/pages\/1999","targetHints":{"allow":["GET"]}}],"collection":[{"href":"https:\/\/www.seha.com.tr\/en\/wp-json\/wp\/v2\/pages"}],"about":[{"href":"https:\/\/www.seha.com.tr\/en\/wp-json\/wp\/v2\/types\/page"}],"author":[{"embeddable":true,"href":"https:\/\/www.seha.com.tr\/en\/wp-json\/wp\/v2\/users\/1"}],"replies":[{"embeddable":true,"href":"https:\/\/www.seha.com.tr\/en\/wp-json\/wp\/v2\/comments?post=1999"}],"version-history":[{"count":1,"href":"https:\/\/www.seha.com.tr\/en\/wp-json\/wp\/v2\/pages\/1999\/revisions"}],"predecessor-version":[{"id":2000,"href":"https:\/\/www.seha.com.tr\/en\/wp-json\/wp\/v2\/pages\/1999\/revisions\/2000"}],"up":[{"embeddable":true,"href":"https:\/\/www.seha.com.tr\/en\/wp-json\/wp\/v2\/pages\/1289"}],"wp:attachment":[{"href":"https:\/\/www.seha.com.tr\/en\/wp-json\/wp\/v2\/media?parent=1999"}],"curies":[{"name":"wp","href":"https:\/\/api.w.org\/{rel}","templated":true}]}}